{"id":408,"date":"2025-12-20T15:00:26","date_gmt":"2025-12-20T15:00:26","guid":{"rendered":"https:\/\/seentwice.pl\/?page_id=408"},"modified":"2025-12-22T00:53:02","modified_gmt":"2025-12-22T00:53:02","slug":"o-nas","status":"publish","type":"page","link":"https:\/\/seentwice.pl\/index.php\/o-nas\/","title":{"rendered":"O nas"},"content":{"rendered":"\n<h5 class=\"wp-block-heading has-text-align-center\"><strong>EST. 24.03.2025<\/strong><\/h5>\n\n\n\n<hr class=\"wp-block-separator has-alpha-channel-opacity\" style=\"margin-top:var(--wp--preset--spacing--40);margin-bottom:var(--wp--preset--spacing--40)\"\/>\n\n\n\n<p><\/p>\n\n\n\n<p class=\"has-text-align-center\">Witajcie na Seen Twice \u2013 miejscu, gdzie filmy ogl\u0105da si\u0119 nie raz, ale dwa razy.<br>Czasem je\u015bli trzeba nawet trzeci i czwarty, jak powiedzia\u0142aby pewna legenda polskiej krytyki filmowej.<\/p>\n\n\n\n<p><\/p>\n","protected":false},"excerpt":{"rendered":"<p>EST. 24.03.2025 Witajcie na Seen Twice \u2013 miejscu, gdzie filmy ogl\u0105da si\u0119 nie raz, ale dwa razy.Czasem je\u015bli trzeba nawet trzeci i czwarty, jak powiedzia\u0142aby pewna legenda polskiej krytyki filmowej.<\/p>\n","protected":false},"author":1,"featured_media":0,"parent":0,"menu_order":0,"comment_status":"closed","ping_status":"closed","template":"","meta":{"_acf_changed":false,"footnotes":""},"class_list":["post-408","page","type-page","status-publish","hentry"],"acf":[],"yoast_head":"<!-- This site is optimized with the Yoast SEO plugin v27.3 - https:\/\/yoast.com\/product\/yoast-seo-wordpress\/ -->\n<title>O nas - Seen Twice<\/title>\n<meta name=\"robots\" content=\"index, follow, max-snippet:-1, max-image-preview:large, max-video-preview:-1\" \/>\n<link rel=\"canonical\" href=\"https:\/\/seentwice.pl\/index.php\/o-nas\/\" \/>\n<meta property=\"og:locale\" content=\"en_US\" \/>\n<meta property=\"og:type\" content=\"article\" \/>\n<meta property=\"og:title\" content=\"O nas - Seen Twice\" \/>\n<meta property=\"og:description\" content=\"EST. 24.03.2025 Witajcie na Seen Twice \u2013 miejscu, gdzie filmy ogl\u0105da si\u0119 nie raz, ale dwa razy.Czasem je\u015bli trzeba nawet trzeci i czwarty, jak powiedzia\u0142aby pewna legenda polskiej krytyki filmowej.\" \/>\n<meta property=\"og:url\" content=\"https:\/\/seentwice.pl\/index.php\/o-nas\/\" \/>\n<meta property=\"og:site_name\" content=\"Seen Twice\" \/>\n<meta property=\"article:modified_time\" content=\"2025-12-22T00:53:02+00:00\" \/>\n<meta name=\"twitter:card\" content=\"summary_large_image\" \/>\n<script type=\"application\/ld+json\" class=\"yoast-schema-graph\">{\"@context\":\"https:\\\/\\\/schema.org\",\"@graph\":[{\"@type\":\"WebPage\",\"@id\":\"https:\\\/\\\/seentwice.pl\\\/index.php\\\/o-nas\\\/\",\"url\":\"https:\\\/\\\/seentwice.pl\\\/index.php\\\/o-nas\\\/\",\"name\":\"O nas - Seen Twice\",\"isPartOf\":{\"@id\":\"http:\\\/\\\/seentwice.pl\\\/#website\"},\"datePublished\":\"2025-12-20T15:00:26+00:00\",\"dateModified\":\"2025-12-22T00:53:02+00:00\",\"breadcrumb\":{\"@id\":\"https:\\\/\\\/seentwice.pl\\\/index.php\\\/o-nas\\\/#breadcrumb\"},\"inLanguage\":\"en-US\",\"potentialAction\":[{\"@type\":\"ReadAction\",\"target\":[\"https:\\\/\\\/seentwice.pl\\\/index.php\\\/o-nas\\\/\"]}]},{\"@type\":\"BreadcrumbList\",\"@id\":\"https:\\\/\\\/seentwice.pl\\\/index.php\\\/o-nas\\\/#breadcrumb\",\"itemListElement\":[{\"@type\":\"ListItem\",\"position\":1,\"name\":\"Home\",\"item\":\"http:\\\/\\\/seentwice.pl\\\/\"},{\"@type\":\"ListItem\",\"position\":2,\"name\":\"O nas\"}]},{\"@type\":\"WebSite\",\"@id\":\"http:\\\/\\\/seentwice.pl\\\/#website\",\"url\":\"http:\\\/\\\/seentwice.pl\\\/\",\"name\":\"Seen Twice\",\"description\":\"\",\"publisher\":{\"@id\":\"http:\\\/\\\/seentwice.pl\\\/#organization\"},\"potentialAction\":[{\"@type\":\"SearchAction\",\"target\":{\"@type\":\"EntryPoint\",\"urlTemplate\":\"http:\\\/\\\/seentwice.pl\\\/?s={search_term_string}\"},\"query-input\":{\"@type\":\"PropertyValueSpecification\",\"valueRequired\":true,\"valueName\":\"search_term_string\"}}],\"inLanguage\":\"en-US\"},{\"@type\":\"Organization\",\"@id\":\"http:\\\/\\\/seentwice.pl\\\/#organization\",\"name\":\"Seen Twice\",\"url\":\"http:\\\/\\\/seentwice.pl\\\/\",\"logo\":{\"@type\":\"ImageObject\",\"inLanguage\":\"en-US\",\"@id\":\"http:\\\/\\\/seentwice.pl\\\/#\\\/schema\\\/logo\\\/image\\\/\",\"url\":\"https:\\\/\\\/seentwice.pl\\\/wp-content\\\/uploads\\\/2025\\\/12\\\/cropped-seen-twice-logo-bez-tla_250x236.png\",\"contentUrl\":\"https:\\\/\\\/seentwice.pl\\\/wp-content\\\/uploads\\\/2025\\\/12\\\/cropped-seen-twice-logo-bez-tla_250x236.png\",\"width\":239,\"height\":232,\"caption\":\"Seen Twice\"},\"image\":{\"@id\":\"http:\\\/\\\/seentwice.pl\\\/#\\\/schema\\\/logo\\\/image\\\/\"}}]}<\/script>\n<!-- \/ Yoast SEO plugin. -->","yoast_head_json":{"title":"O nas - Seen Twice","robots":{"index":"index","follow":"follow","max-snippet":"max-snippet:-1","max-image-preview":"max-image-preview:large","max-video-preview":"max-video-preview:-1"},"canonical":"https:\/\/seentwice.pl\/index.php\/o-nas\/","og_locale":"en_US","og_type":"article","og_title":"O nas - Seen Twice","og_description":"EST. 24.03.2025 Witajcie na Seen Twice \u2013 miejscu, gdzie filmy ogl\u0105da si\u0119 nie raz, ale dwa razy.Czasem je\u015bli trzeba nawet trzeci i czwarty, jak powiedzia\u0142aby pewna legenda polskiej krytyki filmowej.","og_url":"https:\/\/seentwice.pl\/index.php\/o-nas\/","og_site_name":"Seen Twice","article_modified_time":"2025-12-22T00:53:02+00:00","twitter_card":"summary_large_image","schema":{"@context":"https:\/\/schema.org","@graph":[{"@type":"WebPage","@id":"https:\/\/seentwice.pl\/index.php\/o-nas\/","url":"https:\/\/seentwice.pl\/index.php\/o-nas\/","name":"O nas - Seen Twice","isPartOf":{"@id":"http:\/\/seentwice.pl\/#website"},"datePublished":"2025-12-20T15:00:26+00:00","dateModified":"2025-12-22T00:53:02+00:00","breadcrumb":{"@id":"https:\/\/seentwice.pl\/index.php\/o-nas\/#breadcrumb"},"inLanguage":"en-US","potentialAction":[{"@type":"ReadAction","target":["https:\/\/seentwice.pl\/index.php\/o-nas\/"]}]},{"@type":"BreadcrumbList","@id":"https:\/\/seentwice.pl\/index.php\/o-nas\/#breadcrumb","itemListElement":[{"@type":"ListItem","position":1,"name":"Home","item":"http:\/\/seentwice.pl\/"},{"@type":"ListItem","position":2,"name":"O nas"}]},{"@type":"WebSite","@id":"http:\/\/seentwice.pl\/#website","url":"http:\/\/seentwice.pl\/","name":"Seen Twice","description":"","publisher":{"@id":"http:\/\/seentwice.pl\/#organization"},"potentialAction":[{"@type":"SearchAction","target":{"@type":"EntryPoint","urlTemplate":"http:\/\/seentwice.pl\/?s={search_term_string}"},"query-input":{"@type":"PropertyValueSpecification","valueRequired":true,"valueName":"search_term_string"}}],"inLanguage":"en-US"},{"@type":"Organization","@id":"http:\/\/seentwice.pl\/#organization","name":"Seen Twice","url":"http:\/\/seentwice.pl\/","logo":{"@type":"ImageObject","inLanguage":"en-US","@id":"http:\/\/seentwice.pl\/#\/schema\/logo\/image\/","url":"https:\/\/seentwice.pl\/wp-content\/uploads\/2025\/12\/cropped-seen-twice-logo-bez-tla_250x236.png","contentUrl":"https:\/\/seentwice.pl\/wp-content\/uploads\/2025\/12\/cropped-seen-twice-logo-bez-tla_250x236.png","width":239,"height":232,"caption":"Seen Twice"},"image":{"@id":"http:\/\/seentwice.pl\/#\/schema\/logo\/image\/"}}]}},"_links":{"self":[{"href":"https:\/\/seentwice.pl\/index.php\/wp-json\/wp\/v2\/pages\/408","targetHints":{"allow":["GET"]}}],"collection":[{"href":"https:\/\/seentwice.pl\/index.php\/wp-json\/wp\/v2\/pages"}],"about":[{"href":"https:\/\/seentwice.pl\/index.php\/wp-json\/wp\/v2\/types\/page"}],"author":[{"embeddable":true,"href":"https:\/\/seentwice.pl\/index.php\/wp-json\/wp\/v2\/users\/1"}],"replies":[{"embeddable":true,"href":"https:\/\/seentwice.pl\/index.php\/wp-json\/wp\/v2\/comments?post=408"}],"version-history":[{"count":7,"href":"https:\/\/seentwice.pl\/index.php\/wp-json\/wp\/v2\/pages\/408\/revisions"}],"predecessor-version":[{"id":612,"href":"https:\/\/seentwice.pl\/index.php\/wp-json\/wp\/v2\/pages\/408\/revisions\/612"}],"wp:attachment":[{"href":"https:\/\/seentwice.pl\/index.php\/wp-json\/wp\/v2\/media?parent=408"}],"curies":[{"name":"wp","href":"https:\/\/api.w.org\/{rel}","templated":true}]}}